{"id":7,"date":"2021-11-12T15:11:48","date_gmt":"2021-11-12T15:11:48","guid":{"rendered":"https:\/\/proarhive.ro\/?page_id=7"},"modified":"2021-11-26T12:34:49","modified_gmt":"2021-11-26T12:34:49","slug":"despre","status":"publish","type":"page","link":"https:\/\/proarhive.ro\/index.php\/despre\/","title":{"rendered":"Atelierul Arhivistic"},"content":{"rendered":"\n<p class=\"has-text-align-justify\">Societatea comercial\u0103 \u201eAtelierul arhivistic\u201d este o structur\u0103 de economie social\u0103 \u015fi a fost \u00eenfiin\u0163at\u0103 \u00een cadrul unui proiect finan\u0163at de c\u0103tre Fondul Social European, Programul Opera\u0163ional Capital Uman 2014-2020, Axa prioritar\u0103 4: Incluziunea social\u0103 \u0219i combaterea s\u0103r\u0103ciei, Obiectivul Specific (O.S.) 4.16: Consolidarea capacit\u0103\u021bii \u00eentreprinderilor de economie social\u0103 de a func\u021biona \u00eentr-o manier\u0103 auto-sustenabil\u0103, Contract POCU\/449\/4\/16\/128024 nr. 12888\/30.08.2019.<br>Principalele obiectivele asumate de c\u0103tre entitate sunt:<br>a) consolidarea coeziunii economice \u0219i sociale prin campanii de informare \u015fi con\u015ftientizare a beneficiilor aduse de cultur\u0103 \u015fi promovarea valorilor culturale locale prin editarea \u015fi punerea la dispozi\u0163ia membrilor comunit\u0103\u0163ii, \u00een mod gratuit, a unei publica\u0163ii care s\u0103 promoveze valorile, personalit\u0103\u0163ile \u015fi talentelor locale;<br>b) dezvoltarea serviciilor sociale prin punerea la dispozi\u0163ia clien\u0163ilor a unui serviciu de leg\u0103torie, copiere \u015fi multiplicare documente \u00een tiraj redus;<br>c) Autorizarea serviciului de prelucrare arhivistic\u0103 \u015fi leg\u0103torie;<br>e) Proiectarea \u015fi punerea la dispozi\u0163ia clien\u0163ilor o aplica\u0163ie care s\u0103 asigure eviden\u0163a \u015fi managementul nomenclatorului \u015fi inventarului arhivistic;<br>Serviciile oferite de c\u0103tre societate sunt cele de prelucrare arhivistic\u0103 \u015fi de leg\u0103torie, acestea put\u00e2ndu-se desf\u0103\u015fura at\u00e2t la sediul creatorilor c\u00e2t \u015fi la sediul de\u0163inut \u00een cadrul Centrului Regional de Formare Profesional\u0103 a Adul\u0163ilor Teleorman, cu respectarea tuturor condi\u0163iilor privind climatul \u015fi particularit\u0103\u0163ile impuse de legisla\u0163ia na\u0163ional\u0103 \u00een vigoare.<br>Societatea ofer\u0103 \u015fi serviciul de digitalizare a documentelor. Scanarea, digitalizarea sau conversia digital\u0103 a documentelor reprezint\u0103 transformarea lor din format fizic (h\u00e2rtie) \u00een format electronic. Formatul electronic v\u0103 d\u0103 posibilitatea de a accesa documentele \u00eentr-un timp foarte scurt, asigur\u0103 indexarea, securizarea precum \u0219i extragerea automat\u0103 a datelor de care ave\u021bi nevoie prin tehnologia OCR (optical character recognition) ce permite recunoa\u0219terea caracterelor scrise la ma\u0219in\u0103, tip\u0103rite \u0219i chiar a celor scrise de m\u00e2n\u0103.<br>Suntem al\u0103turi de dumneavoastr\u0103 pun\u00e2ndu-v\u0103 la dispozi\u0163ie nu doar servicii de arhivare a documentelor ci \u015fi servicii conexe cum ar fi conultan\u0163\u0103 \u015fi management \u00een domeniul proiectelor, consultan\u0163\u0103 \u015fi servicii legate de siguran\u0163a \u015fi securitatea \u00een domeniul informational.<\/p>\n\n\n\n<div class=\"wp-block-image is-style-default\"><figure class=\"aligncenter size-large\"><img data-recalc-dims=\"1\" loading=\"lazy\" decoding=\"async\" width=\"1024\" height=\"638\" src=\"https:\/\/i0.wp.com\/proarhive.ro\/wp-content\/uploads\/2021\/11\/autorizatii-1.jpg?resize=1024%2C638&#038;ssl=1\" alt=\"Autorizatii emise de catre Arhivele Nationale ale Romaniei pentru serviciul arhivistic de legatorie si prelucrare arhivistica.\" class=\"wp-image-185\" srcset=\"https:\/\/i0.wp.com\/proarhive.ro\/wp-content\/uploads\/2021\/11\/autorizatii-1.jpg?resize=1024%2C638&amp;ssl=1 1024w, https:\/\/i0.wp.com\/proarhive.ro\/wp-content\/uploads\/2021\/11\/autorizatii-1.jpg?resize=300%2C187&amp;ssl=1 300w, https:\/\/i0.wp.com\/proarhive.ro\/wp-content\/uploads\/2021\/11\/autorizatii-1.jpg?resize=768%2C479&amp;ssl=1 768w, https:\/\/i0.wp.com\/proarhive.ro\/wp-content\/uploads\/2021\/11\/autorizatii-1.jpg?w=1296&amp;ssl=1 1296w\" sizes=\"auto, (max-width: 1024px) 100vw, 1024px\" \/><\/figure><\/div>\n\n\n\n<ul class=\"wp-block-social-links has-icon-color is-layout-flex wp-block-social-links-is-layout-flex\"><li style=\"color:#0D3B66;\" class=\"wp-social-link wp-social-link-facebook has-prussian-blue-color wp-block-social-link\"><a href=\"https:\/\/www.facebook.com\/AatelierArhivistic\" class=\"wp-block-social-link-anchor\"><svg width=\"24\" height=\"24\" viewBox=\"0 0 24 24\" version=\"1.1\" xmlns=\"http:\/\/www.w3.org\/2000\/svg\" aria-hidden=\"true\" focusable=\"false\"><path d=\"M12 2C6.5 2 2 6.5 2 12c0 5 3.7 9.1 8.4 9.9v-7H7.9V12h2.5V9.8c0-2.5 1.5-3.9 3.8-3.9 1.1 0 2.2.2 2.2.2v2.5h-1.3c-1.2 0-1.6.8-1.6 1.6V12h2.8l-.4 2.9h-2.3v7C18.3 21.1 22 17 22 12c0-5.5-4.5-10-10-10z\"><\/path><\/svg><span class=\"wp-block-social-link-label screen-reader-text\">Facebook<\/span><\/a><\/li><\/ul>\n\n\n\n<p><\/p>\n","protected":false},"excerpt":{"rendered":"<p>Societatea comercial\u0103 \u201eAtelierul arhivistic\u201d este o structur\u0103 de economie social\u0103 \u015fi a fost \u00eenfiin\u0163at\u0103 \u00een cadrul unui proiect finan\u0163at de c\u0103tre Fondul Social European, Programul Opera\u0163ional Capital Uman 2014-2020, Axa prioritar\u0103 4: Incluziunea social\u0103 \u0219i combaterea s\u0103r\u0103ciei, Obiectivul Specific (O.S.) 4.16: Consolidarea capacit\u0103\u021bii \u00eentreprinderilor de economie social\u0103 de a func\u021biona \u00eentr-o manier\u0103 auto-sustenabil\u0103, Contract POCU\/449\/4\/16\/128024 &#8230; <a title=\"Atelierul Arhivistic\" class=\"read-more\" href=\"https:\/\/proarhive.ro\/index.php\/despre\/\" aria-label=\"Cite\u0219te mai multe despre Atelierul Arhivistic\">Cite\u0219te mai mult<\/a><\/p>\n","protected":false},"author":1,"featured_media":0,"parent":0,"menu_order":0,"comment_status":"closed","ping_status":"closed","template":"","meta":{"footnotes":""},"class_list":["post-7","page","type-page","status-publish"],"jetpack-related-posts":[{"id":36,"url":"https:\/\/proarhive.ro\/","url_meta":{"origin":7,"position":0},"title":"Servicii arhivistice","author":"admin","date":"noiembrie 12, 2021","format":false,"excerpt":"Societatea comercial\u0103 \u201eAtelierul arhivistic\u201d este o structur\u0103 de economie social\u0103 \u015fi a fost \u00eenfiin\u0163at\u0103 \u00een cadrul unui proiect finan\u0163at de c\u0103tre Fondul Social European, Programul Opera\u0163ional Capital Uman 2014-2020, Axa prioritar\u0103 4: Incluziunea social\u0103 \u0219i combaterea s\u0103r\u0103ciei, Obiectivul Specific (O.S.) 4.16: Consolidarea capacit\u0103\u021bii \u00eentreprinderilor de economie social\u0103 de a func\u021biona\u2026","rel":"","context":"Articol similar","block_context":{"text":"Articol similar","link":""},"img":{"alt_text":"","src":"https:\/\/i0.wp.com\/proarhive.ro\/wp-content\/uploads\/2021\/11\/LOGO1.png?resize=350%2C200&ssl=1","width":350,"height":200,"srcset":"https:\/\/i0.wp.com\/proarhive.ro\/wp-content\/uploads\/2021\/11\/LOGO1.png?resize=350%2C200&ssl=1 1x, https:\/\/i0.wp.com\/proarhive.ro\/wp-content\/uploads\/2021\/11\/LOGO1.png?resize=525%2C300&ssl=1 1.5x, https:\/\/i0.wp.com\/proarhive.ro\/wp-content\/uploads\/2021\/11\/LOGO1.png?resize=700%2C400&ssl=1 2x, https:\/\/i0.wp.com\/proarhive.ro\/wp-content\/uploads\/2021\/11\/LOGO1.png?resize=1050%2C600&ssl=1 3x, https:\/\/i0.wp.com\/proarhive.ro\/wp-content\/uploads\/2021\/11\/LOGO1.png?resize=1400%2C800&ssl=1 4x"},"classes":[]},{"id":8,"url":"https:\/\/proarhive.ro\/index.php\/contact\/","url_meta":{"origin":7,"position":1},"title":"Contact","author":"admin","date":"noiembrie 12, 2021","format":false,"excerpt":"Structura de Economie Social\u0103 Atelierul Arhivistic S.R.L.O.R.C.Teleorman J34\/680\/2020, C.U.I. 43477314IBAN RO87BTRLRONCRT0599975101, Banca Transilvania, Agen\u0163ia Turnu M\u0103gureleTurnu M\u0103gurele, str. Taberei nr.2, \u00een incinta CRFPA Teleorman, parter, Jude\u0163 TeleormanTelefon sediu: 0771.521.202 Arhivare \u015fi digitalizareArhivist B\u00een\u0103 Ionu\u0163 TitelTel.: 0766.747.837","rel":"","context":"Articol similar","block_context":{"text":"Articol similar","link":""},"img":{"alt_text":"","src":"","width":0,"height":0},"classes":[]},{"id":2,"url":"https:\/\/proarhive.ro\/index.php\/sample-page\/","url_meta":{"origin":7,"position":2},"title":"Sample Page","author":"admin","date":"noiembrie 12, 2021","format":false,"excerpt":"This is an example page. It's different from a blog post because it will stay in one place and will show up in your site navigation (in most themes). Most people start with an About page that introduces them to potential site visitors. It might say something like this: Hi\u2026","rel":"","context":"Articol similar","block_context":{"text":"Articol similar","link":""},"img":{"alt_text":"","src":"","width":0,"height":0},"classes":[]}],"jetpack_sharing_enabled":true,"_links":{"self":[{"href":"https:\/\/proarhive.ro\/index.php\/wp-json\/wp\/v2\/pages\/7","targetHints":{"allow":["GET"]}}],"collection":[{"href":"https:\/\/proarhive.ro\/index.php\/wp-json\/wp\/v2\/pages"}],"about":[{"href":"https:\/\/proarhive.ro\/index.php\/wp-json\/wp\/v2\/types\/page"}],"author":[{"embeddable":true,"href":"https:\/\/proarhive.ro\/index.php\/wp-json\/wp\/v2\/users\/1"}],"replies":[{"embeddable":true,"href":"https:\/\/proarhive.ro\/index.php\/wp-json\/wp\/v2\/comments?post=7"}],"version-history":[{"count":5,"href":"https:\/\/proarhive.ro\/index.php\/wp-json\/wp\/v2\/pages\/7\/revisions"}],"predecessor-version":[{"id":187,"href":"https:\/\/proarhive.ro\/index.php\/wp-json\/wp\/v2\/pages\/7\/revisions\/187"}],"wp:attachment":[{"href":"https:\/\/proarhive.ro\/index.php\/wp-json\/wp\/v2\/media?parent=7"}],"curies":[{"name":"wp","href":"https:\/\/api.w.org\/{rel}","templated":true}]}}