{"id":8,"date":"2021-11-12T15:11:48","date_gmt":"2021-11-12T15:11:48","guid":{"rendered":"https:\/\/proarhive.ro\/?page_id=8"},"modified":"2021-11-19T12:56:47","modified_gmt":"2021-11-19T12:56:47","slug":"contact","status":"publish","type":"page","link":"https:\/\/proarhive.ro\/index.php\/contact\/","title":{"rendered":"Contact"},"content":{"rendered":"\n<p>Structura de Economie Social\u0103 Atelierul Arhivistic S.R.L.<br>O.R.C.Teleorman J34\/680\/2020, C.U.I. 43477314<br>IBAN RO87BTRLRONCRT0599975101, Banca Transilvania, Agen\u0163ia Turnu M\u0103gurele<br>Turnu M\u0103gurele, str. Taberei nr.2, \u00een incinta CRFPA Teleorman, parter, Jude\u0163 Teleorman<br>Telefon sediu: 0771.521.202<\/p>\n\n\n\n<p>Arhivare \u015fi digitalizare<br>Arhivist B\u00een\u0103 Ionu\u0163 Titel<br>Tel.: 0766.747.837<\/p>\n\n\n\n<hr class=\"wp-block-separator\"\/>\n\n\n<div class=\"frm_forms  with_frm_style frm_style_formidable-style\" id=\"frm_form_2_container\" >\n<form enctype=\"multipart\/form-data\" method=\"post\" class=\"frm-show-form \" id=\"form_solicitati-un-calcul-de-pret-este-gratuit\" >\n<div class=\"frm_form_fields \">\n<fieldset>\n<legend class=\"frm_screen_reader\">Solicitati un calcul de pret &#8211; este gratuit<\/legend>\r\n\r\n<div class=\"frm_fields_container\">\n<input type=\"hidden\" name=\"frm_action\" value=\"create\" \/>\n<input type=\"hidden\" name=\"form_id\" value=\"2\" \/>\n<input type=\"hidden\" name=\"frm_hide_fields_2\" id=\"frm_hide_fields_2\" value=\"\" \/>\n<input type=\"hidden\" name=\"form_key\" value=\"solicitati-un-calcul-de-pret-este-gratuit\" \/>\n<input type=\"hidden\" name=\"item_meta[0]\" value=\"\" \/>\n<input type=\"hidden\" id=\"frm_submit_entry_2\" name=\"frm_submit_entry_2\" value=\"2014378144\" \/><input type=\"hidden\" name=\"_wp_http_referer\" value=\"\/index.php\/wp-json\/wp\/v2\/pages\/8\" \/><div id=\"frm_field_6_container\" class=\"frm_form_field form-field  frm_required_field frm_top_container frm_first frm_half\">\r\n    <label for=\"field_qh4icy244\" id=\"field_qh4icy244_label\" class=\"frm_primary_label\">Nume\r\n        <span class=\"frm_required\">*<\/span>\r\n    <\/label>\r\n    <input type=\"text\" id=\"field_qh4icy244\" name=\"item_meta[6]\" value=\"\"  data-reqmsg=\"Blank Field\" aria-required=\"true\" data-invmsg=\"Name is invalid\" aria-invalid=\"false\"  \/>\r\n    \r\n    \r\n<\/div>\n<div id=\"frm_field_7_container\" class=\"frm_form_field form-field  frm_required_field frm_hidden_container frm_half\">\r\n    <label for=\"field_ocfup15\" id=\"field_ocfup15_label\" class=\"frm_primary_label\">Prenume\r\n        <span class=\"frm_required\">*<\/span>\r\n    <\/label>\r\n    <input type=\"text\" id=\"field_ocfup15\" name=\"item_meta[7]\" value=\"\"  data-reqmsg=\"Blank Field\" aria-required=\"true\" data-invmsg=\"Last is invalid\" aria-invalid=\"false\"  \/>\r\n    \r\n    \r\n<\/div>\n<div id=\"frm_field_8_container\" class=\"frm_form_field form-field  frm_required_field frm_top_container\">\r\n    <label for=\"field_7n3cc\" id=\"field_7n3cc_label\" class=\"frm_primary_label\">Organizatia \/ Firma\r\n        <span class=\"frm_required\">*<\/span>\r\n    <\/label>\r\n    <input type=\"text\" id=\"field_7n3cc\" name=\"item_meta[8]\" value=\"\"  data-reqmsg=\"Organizatia \/ Firma cannot be blank.\" aria-required=\"true\" data-invmsg=\"Text is invalid\" aria-invalid=\"false\"  \/>\r\n    \r\n    \r\n<\/div>\n<div id=\"frm_field_9_container\" class=\"frm_form_field form-field  frm_required_field frm_top_container frm_full\">\r\n    <label for=\"field_29yf4d5\" id=\"field_29yf4d5_label\" class=\"frm_primary_label\">Email\r\n        <span class=\"frm_required\">*<\/span>\r\n    <\/label>\r\n    <input type=\"email\" id=\"field_29yf4d5\" name=\"item_meta[9]\" value=\"\"  data-reqmsg=\"Blank Field\" aria-required=\"true\" data-invmsg=\"Please enter a valid email address\" aria-invalid=\"false\"  \/>\r\n    \r\n    \r\n<\/div>\n<div id=\"frm_field_10_container\" class=\"frm_form_field form-field  frm_required_field frm_top_container\">\r\n    <label for=\"field_gzdza3\" id=\"field_gzdza3_label\" class=\"frm_primary_label\">Telefon\r\n        <span class=\"frm_required\">*<\/span>\r\n    <\/label>\r\n    <input type=\"tel\" id=\"field_gzdza3\" name=\"item_meta[10]\" value=\"\"  data-reqmsg=\"Blank Field\" aria-required=\"true\" data-invmsg=\"Phone is invalid\" aria-invalid=\"false\" pattern=\"\\d\\d\\d\\d\\d\\d\\d\\d\\d\\d$\"  \/>\r\n    \r\n    \r\n<\/div>\n<div id=\"frm_field_11_container\" class=\"frm_form_field form-field  frm_required_field frm_top_container frm_full\">\r\n    <label for=\"field_9jv0r14\" id=\"field_9jv0r14_label\" class=\"frm_primary_label\">Solicitare\r\n        <span class=\"frm_required\">*<\/span>\r\n    <\/label>\r\n    <textarea name=\"item_meta[11]\" id=\"field_9jv0r14\" rows=\"5\"  data-reqmsg=\"Mesajul a fost transmis. In cel mai scurt timp veti fi contactat de catre unul din arhivistii nostri. Va multumim!\" aria-required=\"true\" data-invmsg=\"Solicitare is invalid\" aria-invalid=\"false\"  ><\/textarea>\r\n    \r\n    \r\n<\/div>\n<div id=\"frm_field_12_container\" class=\"frm_form_field form-field \">\n\t<div class=\"frm_submit\">\r\n\r\n<button class=\"frm_button_submit\" type=\"submit\"  >Trimite<\/button>\r\n\r\n<\/div>\n<\/div>\n\t<input type=\"hidden\" name=\"item_key\" value=\"\" \/>\n\t\t\t<div id=\"frm_field_13_container\">\n\t\t\t<label for=\"field_21cnl\" >\n\t\t\t\tIf you are human, leave this field blank.\t\t\t<\/label>\n\t\t\t<input  id=\"field_21cnl\" type=\"text\" class=\"frm_form_field form-field frm_verify\" name=\"item_meta[13]\" value=\"\"  \/>\n\t\t<\/div>\n\t\t<input name=\"frm_state\" type=\"hidden\" value=\"pRDzCp5Dr1Zmjcrmvx7GIW6l33pNiiGNXq2Ar6TW7+s=\" \/><\/div>\n<\/fieldset>\n<\/div>\n\n<p style=\"display: none !important;\" class=\"akismet-fields-container\" data-prefix=\"ak_\"><label>&#916;<textarea name=\"ak_hp_textarea\" cols=\"45\" rows=\"8\" maxlength=\"100\"><\/textarea><\/label><input type=\"hidden\" id=\"ak_js_1\" name=\"ak_js\" value=\"168\"\/><script>document.getElementById( \"ak_js_1\" ).setAttribute( \"value\", ( new Date() ).getTime() );<\/script><\/p><\/form>\n<\/div>\n","protected":false},"excerpt":{"rendered":"<p>Structura de Economie Social\u0103 Atelierul Arhivistic S.R.L.O.R.C.Teleorman J34\/680\/2020, C.U.I. 43477314IBAN RO87BTRLRONCRT0599975101, Banca Transilvania, Agen\u0163ia Turnu M\u0103gureleTurnu M\u0103gurele, str. Taberei nr.2, \u00een incinta CRFPA Teleorman, parter, Jude\u0163 TeleormanTelefon sediu: 0771.521.202 Arhivare \u015fi digitalizareArhivist B\u00een\u0103 Ionu\u0163 TitelTel.: 0766.747.837<\/p>\n","protected":false},"author":1,"featured_media":0,"parent":0,"menu_order":0,"comment_status":"closed","ping_status":"closed","template":"","meta":{"footnotes":""},"class_list":["post-8","page","type-page","status-publish"],"jetpack-related-posts":[],"jetpack_sharing_enabled":true,"_links":{"self":[{"href":"https:\/\/proarhive.ro\/index.php\/wp-json\/wp\/v2\/pages\/8","targetHints":{"allow":["GET"]}}],"collection":[{"href":"https:\/\/proarhive.ro\/index.php\/wp-json\/wp\/v2\/pages"}],"about":[{"href":"https:\/\/proarhive.ro\/index.php\/wp-json\/wp\/v2\/types\/page"}],"author":[{"embeddable":true,"href":"https:\/\/proarhive.ro\/index.php\/wp-json\/wp\/v2\/users\/1"}],"replies":[{"embeddable":true,"href":"https:\/\/proarhive.ro\/index.php\/wp-json\/wp\/v2\/comments?post=8"}],"version-history":[{"count":6,"href":"https:\/\/proarhive.ro\/index.php\/wp-json\/wp\/v2\/pages\/8\/revisions"}],"predecessor-version":[{"id":168,"href":"https:\/\/proarhive.ro\/index.php\/wp-json\/wp\/v2\/pages\/8\/revisions\/168"}],"wp:attachment":[{"href":"https:\/\/proarhive.ro\/index.php\/wp-json\/wp\/v2\/media?parent=8"}],"curies":[{"name":"wp","href":"https:\/\/api.w.org\/{rel}","templated":true}]}}